{"id":325,"date":"2021-08-17T13:20:45","date_gmt":"2021-08-17T11:20:45","guid":{"rendered":"http:\/\/lina-sommer-grundschule.de\/webseiten01\/?page_id=325"},"modified":"2025-08-14T10:35:55","modified_gmt":"2025-08-14T08:35:55","slug":"mittagessen","status":"publish","type":"page","link":"https:\/\/lina-sommer-grundschule.de\/webseiten01\/mittagessen\/","title":{"rendered":"GTS-Mittagessen"},"content":{"rendered":"\t\t<div data-elementor-type=\"wp-page\" data-elementor-id=\"325\" class=\"elementor elementor-325\">\n\t\t\t\t\t\t<section class=\"elementor-section elementor-top-section elementor-element elementor-element-c5a9c46 elementor-section-boxed elementor-section-height-default elementor-section-height-default\" data-id=\"c5a9c46\" data-element_type=\"section\">\n\t\t\t\t\t\t<div class=\"elementor-container elementor-column-gap-default\">\n\t\t\t\t\t<div class=\"elementor-column elementor-col-100 elementor-top-column elementor-element elementor-element-1d19351\" data-id=\"1d19351\" data-element_type=\"column\">\n\t\t\t<div class=\"elementor-widget-wrap elementor-element-populated\">\n\t\t\t\t\t\t<div class=\"elementor-element elementor-element-28c93aa elementor-widget elementor-widget-heading\" data-id=\"28c93aa\" data-element_type=\"widget\" data-widget_type=\"heading.default\">\n\t\t\t\t<div class=\"elementor-widget-container\">\n\t\t\t\t\t<h2 class=\"elementor-heading-title elementor-size-large\">Das Mittagessen in der Ganztagsschule<\/h2>\t\t\t\t<\/div>\n\t\t\t\t<\/div>\n\t\t\t\t<div class=\"elementor-element elementor-element-a0c2288 elementor-widget elementor-widget-text-editor\" data-id=\"a0c2288\" data-element_type=\"widget\" data-widget_type=\"text-editor.default\">\n\t\t\t\t<div class=\"elementor-widget-container\">\n\t\t\t\t\t\t\t\t\t<p>Wir erhalten unser Essen von der\u00a0<a href=\"https:\/\/www.hofmanns.de\/fuer-schulen\" target=\"_blank\" rel=\"noopener\">Hofmann Men\u00fc Manufaktur<\/a>\u00a0(externer Link), die 1960 gegr\u00fcndet wurde. Die Speisen werden vorgegart, in Aluminiumschalen tiefgefroren angeliefert und bei 140 Grad Celsius in unserer K\u00fcche fertiggegart.\u00a0<\/p><p class=\"align-justify\"><img fetchpriority=\"high\" decoding=\"async\" class=\"size-full wp-image-1115 alignleft\" src=\"https:\/\/lina-sommer-grundschule.de\/webseiten01\/wp-content\/uploads\/2021\/08\/Kueche_01.jpg\" alt=\"\" width=\"300\" height=\"236\" \/><\/p><p>In der Regel gibt es in einer Woche ein- bis zweimal Fleisch (kindgerechte Portion), einmal Fisch, einmal Suppe mit einer S\u00fc\u00dfspeise und einmal ein fleischloses Essen. Dabei werden selbstverst\u00e4ndlich sowohl Vegetarier als auch Allergien und sonstige Unvertr\u00e4glichkeiten ber\u00fccksichtigt. Neben den Beilagen wie Kartoffeln, Reis und Teigwaren wird Gem\u00fcse oder frischer Salat angeboten. Das Essen wird von unserem Personal in Buffetform ausgeteilt. Als Dessert gibt es z. B. Obst und Joghurt. Zu trinken gibt es Mineralwasser. Nach den Hausaufgaben erhalten die Kinder am Nachmittag frisches Obst oder Gem\u00fcse als Zwischenmahlzeit, wenn nach dem Mittagessen etwas \u00fcbrig bleibt.<br \/>Die Kinder essen in vier Gruppen: Zweite Klasse 12.05 Uhr, erste Klasse 12.30 Uhr, vierte Klasse 13.05 Uhr und 3. Klasse 13.30 Uhr.<br \/>Als K\u00fcchenpersonal arbeiten 3-4 Frauen im \u00fcbergreifenden Schichtdienst, sodass bei der Essenausgabe immer alle K\u00fcchenkr\u00e4fte anwesend sind. Betreut werden die Kinder von zwei bis drei Mitarbeiterinnen der Ganztagsschule.<br \/>Beim Essen gibt es feste Rituale, die mit den Kindern gemeinsam aufgestellt wurden.<br \/>Zum Beispiel: Das Essen beginnt mit einem gemeinsamen Tischspruch, wenn alle Kinder sitzen. Erst wenn alle gegessen haben, wird wieder abger\u00e4umt. Kein Kind wird zum Essen gezwungen, probieren soll aber jeder.<\/p><p>Gutes Essen ist uns wichtig! Am 20. Oktober 2011 nahmen wir am Tag der Schulverpflegung 2011 unter dem Motto \u201eWie lecker ist K\u00fcrbis\u201c teil. An diesem Tag stand die Ern\u00e4hrungsbildung und die Schulverpflegung im Mittelpunkt. F\u00fcr unsere erfolgreiche Teilnahme erhielten wir von der Vernetzungsstelle Schulverpflegung in Rheinland-Pfalz 100 Euro sowie einen Geldpreis von 250 Euro aus der Verlosung.<\/p><p><strong>Zertifizierung unseres Essenslieferanten<\/strong><br \/>Im Juli 2012 wurde die Hofmann Men\u00fc Manufaktur von der Arbeitsgemeinschaft Schulverpflegung (AGS) mit der h\u00f6chsten Bewertung, mit\u00a0<a href=\"https:\/\/lina-sommer-grundschule.de\/webseiten01\/wp-content\/uploads\/2021\/08\/Zertifikat_Schulverpflegung.pdf\">drei von drei Kochm\u00fctzen<\/a>, ausgezeichnet.<br \/>Die AGS setzt sich aus Studierenden, wissenschaftlichen Mitarbeitern und Professoren des Fachbereichs Oecotrophologie der Hochschule Niederrhein zusammen. Unter der Leitung von Prof. Dr. Peinelt und Prof. Dr. Wetterau untersucht sie die Qualit\u00e4t der Verpflegung in Schulen und anderen Ganztagseinrichtungen f\u00fcr Kinder und Jugendliche.\u00a0Im Vordergrund steht dabei das Zertifizierungskonzept, mit dem unterschiedliche Aspekte der Verpflegung bewertet und gute Leistungen mit einem Zertifikat ausgezeichnet werden.<\/p><p>\u00a0\u00a0\u00a0\u00a0\u00a0\u00a0\u00a0\u00a0\u00a0\u00a0\u00a0\u00a0\u00a0\u00a0\u00a0\u00a0\u00a0\u00a0\u00a0\u00a0\u00a0\u00a0\u00a0\u00a0\u00a0\u00a0\u00a0\u00a0\u00a0\u00a0\u00a0\u00a0\u00a0\u00a0\u00a0\u00a0\u00a0\u00a0\u00a0\u00a0\u00a0\u00a0\u00a0\u00a0\u00a0\u00a0\u00a0\u00a0\u00a0\u00a0\u00a0\u00a0\u00a0\u00a0\u00a0\u00a0\u00a0\u00a0\u00a0\u00a0\u00a0\u00a0\u00a0\u00a0\u00a0\u00a0\u00a0\u00a0\u00a0\u00a0\u00a0\u00a0\u00a0\u00a0\u00a0\u00a0\u00a0\u00a0\u00a0\u00a0<\/p>\t\t\t\t\t\t\t\t<\/div>\n\t\t\t\t<\/div>\n\t\t\t\t\t<\/div>\n\t\t<\/div>\n\t\t\t\t\t<\/div>\n\t\t<\/section>\n\t\t\t\t<section class=\"elementor-section elementor-top-section elementor-element elementor-element-431306b6 elementor-section-boxed elementor-section-height-default elementor-section-height-default\" data-id=\"431306b6\" data-element_type=\"section\">\n\t\t\t\t\t\t<div class=\"elementor-container elementor-column-gap-default\">\n\t\t\t\t\t<div class=\"elementor-column elementor-col-66 elementor-top-column elementor-element elementor-element-59469a0c\" data-id=\"59469a0c\" data-element_type=\"column\">\n\t\t\t<div class=\"elementor-widget-wrap elementor-element-populated\">\n\t\t\t\t\t\t<div class=\"elementor-element elementor-element-76fc20d3 elementor-view-framed elementor-position-left elementor-shape-circle elementor-mobile-position-top elementor-widget elementor-widget-icon-box\" data-id=\"76fc20d3\" data-element_type=\"widget\" data-widget_type=\"icon-box.default\">\n\t\t\t\t<div class=\"elementor-widget-container\">\n\t\t\t\t\t\t\t<div class=\"elementor-icon-box-wrapper\">\n\n\t\t\t\t\t\t<div class=\"elementor-icon-box-icon\">\n\t\t\t\t<a href=\"https:\/\/lina-sommer-grundschule.de\/webseiten01\/wp-content\/uploads\/2025\/08\/Bsp.Speiseplan_14.08.25.pdf\" target=\"_blank\" class=\"elementor-icon elementor-animation-shrink\" tabindex=\"-1\" aria-label=\"Speiseplan\">\n\t\t\t\t<i aria-hidden=\"true\" class=\"fas fa-file-pdf\"><\/i>\t\t\t\t<\/a>\n\t\t\t<\/div>\n\t\t\t\n\t\t\t\t\t\t<div class=\"elementor-icon-box-content\">\n\n\t\t\t\t\t\t\t\t\t<h1 class=\"elementor-icon-box-title\">\n\t\t\t\t\t\t<a href=\"https:\/\/lina-sommer-grundschule.de\/webseiten01\/wp-content\/uploads\/2025\/08\/Bsp.Speiseplan_14.08.25.pdf\" target=\"_blank\" >\n\t\t\t\t\t\t\tSpeiseplan\t\t\t\t\t\t<\/a>\n\t\t\t\t\t<\/h1>\n\t\t\t\t\n\t\t\t\t\t\t\t\t\t<p class=\"elementor-icon-box-description\">\n\t\t\t\t\t\tDamit Sie einen ersten Einblick erhalten k\u00f6nnen, was den Kindern t\u00e4glich angeboten wird, haben wir f\u00fcr Sie ein Beispiel eines Speiseplans als PDF bereitgestellt:\t\t\t\t\t<\/p>\n\t\t\t\t\n\t\t\t<\/div>\n\t\t\t\n\t\t<\/div>\n\t\t\t\t\t\t<\/div>\n\t\t\t\t<\/div>\n\t\t\t\t\t<\/div>\n\t\t<\/div>\n\t\t\t\t<div class=\"elementor-column elementor-col-33 elementor-top-column elementor-element elementor-element-16994429\" data-id=\"16994429\" data-element_type=\"column\">\n\t\t\t<div class=\"elementor-widget-wrap\">\n\t\t\t\t\t\t\t<\/div>\n\t\t<\/div>\n\t\t\t\t\t<\/div>\n\t\t<\/section>\n\t\t\t\t<\/div>\n\t\t","protected":false},"excerpt":{"rendered":"<p>Das Mittagessen in der Ganztagsschule Wir erhalten unser Essen von der\u00a0Hofmann Men\u00fc Manufaktur\u00a0(externer Link), die 1960 gegr\u00fcndet wurde. Die Speisen werden vorgegart, in Aluminiumschalen tiefgefroren angeliefert und bei 140 Grad Celsius in unserer K\u00fcche fertiggegart.\u00a0 In der Regel gibt es in einer Woche ein- bis zweimal Fleisch (kindgerechte Portion), einmal Fisch, einmal Suppe mit einer [&hellip;]<\/p>\n","protected":false},"author":1,"featured_media":0,"parent":0,"menu_order":0,"comment_status":"closed","ping_status":"closed","template":"","meta":{"ocean_post_layout":"full-screen","ocean_both_sidebars_style":"","ocean_both_sidebars_content_width":0,"ocean_both_sidebars_sidebars_width":0,"ocean_sidebar":"0","ocean_second_sidebar":"0","ocean_disable_margins":"enable","ocean_add_body_class":"","ocean_shortcode_before_top_bar":"","ocean_shortcode_after_top_bar":"","ocean_shortcode_before_header":"","ocean_shortcode_after_header":"","ocean_has_shortcode":"","ocean_shortcode_after_title":"","ocean_shortcode_before_footer_widgets":"","ocean_shortcode_after_footer_widgets":"","ocean_shortcode_before_footer_bottom":"","ocean_shortcode_after_footer_bottom":"","ocean_display_top_bar":"off","ocean_display_header":"default","ocean_header_style":"","ocean_center_header_left_menu":"0","ocean_custom_header_template":"0","ocean_custom_logo":0,"ocean_custom_retina_logo":0,"ocean_custom_logo_max_width":0,"ocean_custom_logo_tablet_max_width":0,"ocean_custom_logo_mobile_max_width":0,"ocean_custom_logo_max_height":0,"ocean_custom_logo_tablet_max_height":0,"ocean_custom_logo_mobile_max_height":0,"ocean_header_custom_menu":"0","ocean_menu_typo_font_family":"0","ocean_menu_typo_font_subset":"","ocean_menu_typo_font_size":0,"ocean_menu_typo_font_size_tablet":0,"ocean_menu_typo_font_size_mobile":0,"ocean_menu_typo_font_size_unit":"px","ocean_menu_typo_font_weight":"","ocean_menu_typo_font_weight_tablet":"","ocean_menu_typo_font_weight_mobile":"","ocean_menu_typo_transform":"","ocean_menu_typo_transform_tablet":"","ocean_menu_typo_transform_mobile":"","ocean_menu_typo_line_height":0,"ocean_menu_typo_line_height_tablet":0,"ocean_menu_typo_line_height_mobile":0,"ocean_menu_typo_line_height_unit":"","ocean_menu_typo_spacing":0,"ocean_menu_typo_spacing_tablet":0,"ocean_menu_typo_spacing_mobile":0,"ocean_menu_typo_spacing_unit":"","ocean_menu_link_color":"","ocean_menu_link_color_hover":"","ocean_menu_link_color_active":"","ocean_menu_link_background":"","ocean_menu_link_hover_background":"","ocean_menu_link_active_background":"","ocean_menu_social_links_bg":"","ocean_menu_social_hover_links_bg":"","ocean_menu_social_links_color":"","ocean_menu_social_hover_links_color":"","ocean_disable_title":"on","ocean_disable_heading":"default","ocean_post_title":"","ocean_post_subheading":"","ocean_post_title_style":"","ocean_post_title_background_color":"","ocean_post_title_background":0,"ocean_post_title_bg_image_position":"","ocean_post_title_bg_image_attachment":"","ocean_post_title_bg_image_repeat":"","ocean_post_title_bg_image_size":"","ocean_post_title_height":0,"ocean_post_title_bg_overlay":0.5,"ocean_post_title_bg_overlay_color":"","ocean_disable_breadcrumbs":"default","ocean_breadcrumbs_color":"","ocean_breadcrumbs_separator_color":"","ocean_breadcrumbs_links_color":"","ocean_breadcrumbs_links_hover_color":"","ocean_display_footer_widgets":"default","ocean_display_footer_bottom":"default","ocean_custom_footer_template":"0","footnotes":""},"class_list":["post-325","page","type-page","status-publish","hentry","entry"],"_links":{"self":[{"href":"https:\/\/lina-sommer-grundschule.de\/webseiten01\/wp-json\/wp\/v2\/pages\/325","targetHints":{"allow":["GET"]}}],"collection":[{"href":"https:\/\/lina-sommer-grundschule.de\/webseiten01\/wp-json\/wp\/v2\/pages"}],"about":[{"href":"https:\/\/lina-sommer-grundschule.de\/webseiten01\/wp-json\/wp\/v2\/types\/page"}],"author":[{"embeddable":true,"href":"https:\/\/lina-sommer-grundschule.de\/webseiten01\/wp-json\/wp\/v2\/users\/1"}],"replies":[{"embeddable":true,"href":"https:\/\/lina-sommer-grundschule.de\/webseiten01\/wp-json\/wp\/v2\/comments?post=325"}],"version-history":[{"count":80,"href":"https:\/\/lina-sommer-grundschule.de\/webseiten01\/wp-json\/wp\/v2\/pages\/325\/revisions"}],"predecessor-version":[{"id":7449,"href":"https:\/\/lina-sommer-grundschule.de\/webseiten01\/wp-json\/wp\/v2\/pages\/325\/revisions\/7449"}],"wp:attachment":[{"href":"https:\/\/lina-sommer-grundschule.de\/webseiten01\/wp-json\/wp\/v2\/media?parent=325"}],"curies":[{"name":"wp","href":"https:\/\/api.w.org\/{rel}","templated":true}]}}